{"id":15,"date":"2023-10-20T18:14:39","date_gmt":"2023-10-20T16:14:39","guid":{"rendered":"https:\/\/dimitar-grozev.fr\/?page_id=15"},"modified":"2025-08-03T12:35:51","modified_gmt":"2025-08-03T10:35:51","slug":"mon-histoire","status":"publish","type":"page","link":"https:\/\/dimitar-grozev.fr\/index.php\/mon-histoire\/","title":{"rendered":"Mon histoire"},"content":{"rendered":"\t\t<div data-elementor-type=\"wp-page\" data-elementor-id=\"15\" class=\"elementor elementor-15\" data-elementor-post-type=\"page\">\n\t\t\t\t<div class=\"elementor-element elementor-element-9909b2b e-flex e-con-boxed e-con e-parent\" data-id=\"9909b2b\" data-element_type=\"container\" data-e-type=\"container\">\n\t\t\t\t\t<div class=\"e-con-inner\">\n\t\t<div class=\"elementor-element elementor-element-8764218 e-con-full e-flex e-con e-child\" data-id=\"8764218\" data-element_type=\"container\" data-e-type=\"container\" data-settings=\"{&quot;sticky&quot;:&quot;top&quot;,&quot;sticky_offset&quot;:111,&quot;sticky_parent&quot;:&quot;yes&quot;,&quot;sticky_on&quot;:[&quot;desktop&quot;,&quot;tablet&quot;,&quot;mobile&quot;],&quot;sticky_effects_offset&quot;:0,&quot;sticky_anchor_link_offset&quot;:0}\">\n\t\t<div class=\"elementor-element elementor-element-20f5b092 e-con-full elementor-hidden-mobile e-flex e-con e-child\" data-id=\"20f5b092\" data-element_type=\"container\" data-e-type=\"container\">\n\t\t\t\t<div class=\"elementor-element elementor-element-42431faf e-transform elementor-hidden-mobile elementor-widget elementor-widget-image\" data-id=\"42431faf\" data-element_type=\"widget\" data-e-type=\"widget\" data-settings=\"{&quot;_transform_flipX_effect&quot;:&quot;transform&quot;}\" data-widget_type=\"image.default\">\n\t\t\t\t<div class=\"elementor-widget-container\">\n\t\t\t\t\t\t\t\t\t\t\t\t\t\t\t<img fetchpriority=\"high\" decoding=\"async\" width=\"800\" height=\"944\" src=\"https:\/\/dimitar-grozev.fr\/wp-content\/uploads\/2024\/02\/Fichier-4@4x-868x1024.png\" class=\"attachment-large size-large wp-image-7891\" alt=\"\" srcset=\"https:\/\/dimitar-grozev.fr\/wp-content\/uploads\/2024\/02\/Fichier-4@4x-868x1024.png 868w, https:\/\/dimitar-grozev.fr\/wp-content\/uploads\/2024\/02\/Fichier-4@4x-254x300.png 254w, https:\/\/dimitar-grozev.fr\/wp-content\/uploads\/2024\/02\/Fichier-4@4x-768x907.png 768w, https:\/\/dimitar-grozev.fr\/wp-content\/uploads\/2024\/02\/Fichier-4@4x-1301x1536.png 1301w, https:\/\/dimitar-grozev.fr\/wp-content\/uploads\/2024\/02\/Fichier-4@4x-1735x2048.png 1735w\" sizes=\"(max-width: 800px) 100vw, 800px\" \/>\t\t\t\t\t\t\t\t\t\t\t\t\t\t\t<\/div>\n\t\t\t\t<\/div>\n\t\t\t\t<\/div>\n\t\t<div class=\"elementor-element elementor-element-588fd76 e-con-full e-flex e-con e-child\" data-id=\"588fd76\" data-element_type=\"container\" data-e-type=\"container\">\n\t\t\t\t<div class=\"elementor-element elementor-element-bce33cf elementor-absolute elementor-hidden-mobile elementor-widget elementor-widget-html\" data-id=\"bce33cf\" data-element_type=\"widget\" data-e-type=\"widget\" data-settings=\"{&quot;_position&quot;:&quot;absolute&quot;}\" data-widget_type=\"html.default\">\n\t\t\t\t<div class=\"elementor-widget-container\">\n\t\t\t\t\t<div>\r\n\r\n<svg viewBox=\"114.551 81.194 134.814 113.214\">\r\n  <g class=\"sparkles\">\r\n    <path style=\"--duration: 1.9s; --delay: 0s; fill: rgba(1, 41, 53, 1);\" d=\"M 143.21 131.761 C 143.21 131.761 144.398 125.559 145.453 131.761 C 145.453 131.761 151.391 132.816 145.453 133.872 C 145.453 133.872 144.398 140.206 143.21 133.872 C 139.647 133.212 139.911 132.553 143.21 131.761 Z\"><\/path>\r\n    <path style=\"--duration: 4s; --delay: 0s; fill: rgba(1, 41, 53, 1);\" d=\"M 164.499 98.461 C 164.499 98.461 165.237 94.608 165.893 98.461 C 165.893 98.461 169.582 99.116 165.893 99.772 C 165.893 99.772 165.237 103.707 164.499 99.772 C 162.286 99.362 162.45 98.952 164.499 98.461 Z\"><\/path>\r\n \r\n   \r\n  <\/g>\r\n<\/svg>\r\n<\/div>\r\n\t\t\t\t<\/div>\n\t\t\t\t<\/div>\n\t\t\t\t<div class=\"elementor-element elementor-element-ea04621 elementor-widget__width-initial elementor-widget elementor-widget-heading\" data-id=\"ea04621\" data-element_type=\"widget\" data-e-type=\"widget\" data-widget_type=\"heading.default\">\n\t\t\t\t<div class=\"elementor-widget-container\">\n\t\t\t\t\t<h2 class=\"elementor-heading-title elementor-size-xl\">Ce qui me guide<\/h2>\t\t\t\t<\/div>\n\t\t\t\t<\/div>\n\t\t<div class=\"elementor-element elementor-element-1daeee9 e-con-full e-flex e-con e-child\" data-id=\"1daeee9\" data-element_type=\"container\" data-e-type=\"container\">\n\t\t\t\t<div class=\"elementor-element elementor-element-ebdfdc3 elementor-widget-mobile__width-inherit elementor-icon-list--layout-traditional elementor-list-item-link-full_width elementor-widget elementor-widget-icon-list\" data-id=\"ebdfdc3\" data-element_type=\"widget\" data-e-type=\"widget\" data-widget_type=\"icon-list.default\">\n\t\t\t\t<div class=\"elementor-widget-container\">\n\t\t\t\t\t\t\t<ul class=\"elementor-icon-list-items\">\n\t\t\t\t\t\t\t<li class=\"elementor-icon-list-item\">\n\t\t\t\t\t\t\t\t\t\t\t<span class=\"elementor-icon-list-icon\">\n\t\t\t\t\t\t\t<i aria-hidden=\"true\" class=\"fas fa-star\"><\/i>\t\t\t\t\t\t<\/span>\n\t\t\t\t\t\t\t\t\t\t<span class=\"elementor-icon-list-text\">Souplesse<\/span>\n\t\t\t\t\t\t\t\t\t<\/li>\n\t\t\t\t\t\t<\/ul>\n\t\t\t\t\t\t<\/div>\n\t\t\t\t<\/div>\n\t\t\t\t<div class=\"elementor-element elementor-element-4827297 elementor-widget-mobile__width-inherit elementor-icon-list--layout-traditional elementor-list-item-link-full_width elementor-widget elementor-widget-icon-list\" data-id=\"4827297\" data-element_type=\"widget\" data-e-type=\"widget\" data-widget_type=\"icon-list.default\">\n\t\t\t\t<div class=\"elementor-widget-container\">\n\t\t\t\t\t\t\t<ul class=\"elementor-icon-list-items\">\n\t\t\t\t\t\t\t<li class=\"elementor-icon-list-item\">\n\t\t\t\t\t\t\t\t\t\t\t<span class=\"elementor-icon-list-icon\">\n\t\t\t\t\t\t\t<i aria-hidden=\"true\" class=\"fas fa-star\"><\/i>\t\t\t\t\t\t<\/span>\n\t\t\t\t\t\t\t\t\t\t<span class=\"elementor-icon-list-text\">Simplicit\u00e9<\/span>\n\t\t\t\t\t\t\t\t\t<\/li>\n\t\t\t\t\t\t<\/ul>\n\t\t\t\t\t\t<\/div>\n\t\t\t\t<\/div>\n\t\t\t\t<div class=\"elementor-element elementor-element-fa82e0b elementor-widget-mobile__width-inherit elementor-icon-list--layout-traditional elementor-list-item-link-full_width elementor-widget elementor-widget-icon-list\" data-id=\"fa82e0b\" data-element_type=\"widget\" data-e-type=\"widget\" data-widget_type=\"icon-list.default\">\n\t\t\t\t<div class=\"elementor-widget-container\">\n\t\t\t\t\t\t\t<ul class=\"elementor-icon-list-items\">\n\t\t\t\t\t\t\t<li class=\"elementor-icon-list-item\">\n\t\t\t\t\t\t\t\t\t\t\t<span class=\"elementor-icon-list-icon\">\n\t\t\t\t\t\t\t<i aria-hidden=\"true\" class=\"fas fa-star\"><\/i>\t\t\t\t\t\t<\/span>\n\t\t\t\t\t\t\t\t\t\t<span class=\"elementor-icon-list-text\">Transparence<\/span>\n\t\t\t\t\t\t\t\t\t<\/li>\n\t\t\t\t\t\t<\/ul>\n\t\t\t\t\t\t<\/div>\n\t\t\t\t<\/div>\n\t\t\t\t<div class=\"elementor-element elementor-element-cab100f elementor-widget-mobile__width-inherit elementor-icon-list--layout-traditional elementor-list-item-link-full_width elementor-widget elementor-widget-icon-list\" data-id=\"cab100f\" data-element_type=\"widget\" data-e-type=\"widget\" data-widget_type=\"icon-list.default\">\n\t\t\t\t<div class=\"elementor-widget-container\">\n\t\t\t\t\t\t\t<ul class=\"elementor-icon-list-items\">\n\t\t\t\t\t\t\t<li class=\"elementor-icon-list-item\">\n\t\t\t\t\t\t\t\t\t\t\t<span class=\"elementor-icon-list-icon\">\n\t\t\t\t\t\t\t<i aria-hidden=\"true\" class=\"fas fa-star\"><\/i>\t\t\t\t\t\t<\/span>\n\t\t\t\t\t\t\t\t\t\t<span class=\"elementor-icon-list-text\">Ouverture d'esprit<\/span>\n\t\t\t\t\t\t\t\t\t<\/li>\n\t\t\t\t\t\t<\/ul>\n\t\t\t\t\t\t<\/div>\n\t\t\t\t<\/div>\n\t\t\t\t<\/div>\n\t\t\t\t<div class=\"elementor-element elementor-element-1f34165 elementor-widget__width-initial elementor-widget elementor-widget-text-editor\" data-id=\"1f34165\" data-element_type=\"widget\" data-e-type=\"widget\" data-widget_type=\"text-editor.default\">\n\t\t\t\t<div class=\"elementor-widget-container\">\n\t\t\t\t\t\t\t\t\t<p>Gr\u00e2ce \u00e0 mon histoire qui est au croisement des cultures, je suis attach\u00e9 \u00e0 ces valeurs qui me guident tout au long de ma vie personnelle et professionnelle.<\/p>\t\t\t\t\t\t\t\t<\/div>\n\t\t\t\t<\/div>\n\t\t\t\t<\/div>\n\t\t\t\t<\/div>\n\t\t<div class=\"elementor-element elementor-element-01100e3 e-con-full e-flex e-con e-child\" data-id=\"01100e3\" data-element_type=\"container\" data-e-type=\"container\">\n\t\t\t\t<div class=\"elementor-element elementor-element-ebd596d elementor-widget__width-inherit elementor-widget elementor-widget-html\" data-id=\"ebd596d\" data-element_type=\"widget\" data-e-type=\"widget\" data-widget_type=\"html.default\">\n\t\t\t\t<div class=\"elementor-widget-container\">\n\t\t\t\t\t<div class=\"timeline flex_timeline\">\r\n  <div class=\"outer\">\r\n    <div class=\"card\">\r\n      <div class=\"info\">\r\n        <h3 class=\"title\"> Arriv\u00e9e en France <\/h3>\r\n        <p>Arriv\u00e9e en France, premi\u00e8re exploration du monde en dehors de mon pays d'origine. De nouveaux challenges sont \u00e0 relever.  Ouverture d'esprit, capacit\u00e9 d'adaptation et soif d'apprendre m'ont permis de faire mon chemin dans ce nouveau terrain <\/p>\r\n      <\/div>\r\n    <\/div>\r\n    <div class=\"card\">\r\n        \r\n      <div class=\"info\">\r\n        <h3 class=\"title\">M2 \u00c9conomie et gestion <\/h3>\r\n        <p> La travers\u00e9e est accomplie, apr\u00e8s l'obtention de mon master 2 en Economie <\/p>\r\n      <\/div>\r\n    <\/div>\r\n    <div class=\"card\">\r\n      <div class=\"info\">\r\n        <h3 class=\"title\">Chef de prdouit <\/h3>\r\n        <p>Des missions diverses dans le marketing des transports pour proser un service au besoin des collectivit\u00e9s et des voyaguers <\/p>\r\n      <\/div>\r\n    <\/div>\r\n    <div class=\"card\">\r\n      <div class=\"info\">\r\n        <h3 class=\"title\"> Design UX\/UI<\/h3>\r\n        <p>Ma mission dans le monde du marketing s'ach\u00e8ve, je me dirige vers de nouveaux horizons<\/p>\r\n      <\/div>\r\n    <\/div>\r\n    <div class=\"card\">\r\n      <div class=\"info\">\r\n        <h3 class=\"title\"> Premi\u00e8re mission chez Orange <\/h3>\r\n        <p>Une premi\u00e8re \u00e9tape dans mon exp\u00e9dition dans le monde des designers est franchie <\/p>\r\n      <\/div>\r\n     \r\n    <\/div>\r\n  <\/div>\r\n  \r\n<\/div>\t\t\t\t<\/div>\n\t\t\t\t<\/div>\n\t\t\t\t<\/div>\n\t\t\t\t\t<\/div>\n\t\t\t\t<\/div>\n\t\t<div class=\"elementor-element elementor-element-8d34bb3 e-flex e-con-boxed e-con e-parent\" data-id=\"8d34bb3\" data-element_type=\"container\" data-e-type=\"container\">\n\t\t\t\t\t<div class=\"e-con-inner\">\n\t\t<div class=\"elementor-element elementor-element-2ca01f54 e-con-full e-flex e-con e-child\" data-id=\"2ca01f54\" data-element_type=\"container\" data-e-type=\"container\">\n\t\t\t\t<div class=\"elementor-element elementor-element-6937e4ec elementor-widget__width-initial elementor-widget elementor-widget-heading\" data-id=\"6937e4ec\" data-element_type=\"widget\" data-e-type=\"widget\" data-widget_type=\"heading.default\">\n\t\t\t\t<div class=\"elementor-widget-container\">\n\t\t\t\t\t<h2 class=\"elementor-heading-title elementor-size-xl\">A part explorer, qu'est-ce qui me fait vibrer <img decoding=\"async\" role=\"img\" class=\"emoji\" alt=\"\ud83e\udd29\" src=\"https:\/\/s.w.org\/images\/core\/emoji\/14.0.0\/svg\/1f929.svg\"> ?<\/h2>\t\t\t\t<\/div>\n\t\t\t\t<\/div>\n\t\t\t\t<\/div>\n\t\t<div class=\"elementor-element elementor-element-2824a757 e-con-full e-flex e-con e-child\" data-id=\"2824a757\" data-element_type=\"container\" data-e-type=\"container\">\n\t\t\t\t<div class=\"elementor-element elementor-element-33c9eca6 elementor-list-item-link-inline elementor-align-start elementor-widget__width-initial elementor-icon-list--layout-traditional elementor-widget elementor-widget-icon-list\" data-id=\"33c9eca6\" data-element_type=\"widget\" data-e-type=\"widget\" data-widget_type=\"icon-list.default\">\n\t\t\t\t<div class=\"elementor-widget-container\">\n\t\t\t\t\t\t\t<ul class=\"elementor-icon-list-items\">\n\t\t\t\t\t\t\t<li class=\"elementor-icon-list-item\">\n\t\t\t\t\t\t\t\t\t\t\t<span class=\"elementor-icon-list-icon\">\n\t\t\t\t\t\t\t<i aria-hidden=\"true\" class=\"fas fa-hands-helping\"><\/i>\t\t\t\t\t\t<\/span>\n\t\t\t\t\t\t\t\t\t\t<span class=\"elementor-icon-list-text\"><b>M'investir<\/b> dans projets associatifs. Je voudrais apporter ma pierre \u00e0 l'\u00e9difice.<\/span>\n\t\t\t\t\t\t\t\t\t<\/li>\n\t\t\t\t\t\t<\/ul>\n\t\t\t\t\t\t<\/div>\n\t\t\t\t<\/div>\n\t\t\t\t<\/div>\n\t\t<div class=\"elementor-element elementor-element-3bfb26af e-con-full e-flex e-con e-child\" data-id=\"3bfb26af\" data-element_type=\"container\" data-e-type=\"container\">\n\t\t\t\t<div class=\"elementor-element elementor-element-16f03947 elementor-list-item-link-inline elementor-align-start elementor-widget__width-initial elementor-icon-list--layout-traditional elementor-widget elementor-widget-icon-list\" data-id=\"16f03947\" data-element_type=\"widget\" data-e-type=\"widget\" data-widget_type=\"icon-list.default\">\n\t\t\t\t<div class=\"elementor-widget-container\">\n\t\t\t\t\t\t\t<ul class=\"elementor-icon-list-items\">\n\t\t\t\t\t\t\t<li class=\"elementor-icon-list-item\">\n\t\t\t\t\t\t\t\t\t\t\t<span class=\"elementor-icon-list-icon\">\n\t\t\t\t\t\t\t<i aria-hidden=\"true\" class=\"fas fa-book-open\"><\/i>\t\t\t\t\t\t<\/span>\n\t\t\t\t\t\t\t\t\t\t<span class=\"elementor-icon-list-text\"><b>M'\u00e9vader <\/b>dans des pays lointains gr\u00e2ce aux pages d'un livre.<\/span>\n\t\t\t\t\t\t\t\t\t<\/li>\n\t\t\t\t\t\t<\/ul>\n\t\t\t\t\t\t<\/div>\n\t\t\t\t<\/div>\n\t\t\t\t<\/div>\n\t\t<div class=\"elementor-element elementor-element-62cd77e1 e-con-full e-flex e-con e-child\" data-id=\"62cd77e1\" data-element_type=\"container\" data-e-type=\"container\">\n\t\t\t\t<div class=\"elementor-element elementor-element-d76e207 elementor-list-item-link-inline elementor-widget__width-initial elementor-icon-list--layout-traditional elementor-widget elementor-widget-icon-list\" data-id=\"d76e207\" data-element_type=\"widget\" data-e-type=\"widget\" data-widget_type=\"icon-list.default\">\n\t\t\t\t<div class=\"elementor-widget-container\">\n\t\t\t\t\t\t\t<ul class=\"elementor-icon-list-items\">\n\t\t\t\t\t\t\t<li class=\"elementor-icon-list-item\">\n\t\t\t\t\t\t\t\t\t\t\t<span class=\"elementor-icon-list-icon\">\n\t\t\t\t\t\t\t<i aria-hidden=\"true\" class=\"fas fa-leaf\"><\/i>\t\t\t\t\t\t<\/span>\n\t\t\t\t\t\t\t\t\t\t<span class=\"elementor-icon-list-text\"><b>Randonner <\/b>\u00e0 la montagne ou en for\u00eat.  Explorer la nature ne cesse de m'intriguer.<\/span>\n\t\t\t\t\t\t\t\t\t<\/li>\n\t\t\t\t\t\t<\/ul>\n\t\t\t\t\t\t<\/div>\n\t\t\t\t<\/div>\n\t\t\t\t<\/div>\n\t\t\t\t\t<\/div>\n\t\t\t\t<\/div>\n\t\t\t\t<\/div>\n\t\t","protected":false},"excerpt":{"rendered":"<p>Ce qui me guide Souplesse Simplicit\u00e9 Transparence Ouverture d&rsquo;esprit Gr\u00e2ce \u00e0 mon histoire qui est au croisement des cultures, je suis attach\u00e9 \u00e0 ces valeurs qui me guident tout au long de ma vie personnelle et professionnelle. Arriv\u00e9e en France Arriv\u00e9e en France, premi\u00e8re exploration du monde en dehors de mon pays d&rsquo;origine. De nouveaux [&hellip;]<\/p>\n","protected":false},"author":1,"featured_media":0,"parent":0,"menu_order":0,"comment_status":"closed","ping_status":"closed","template":"","meta":{"footnotes":""},"class_list":["post-15","page","type-page","status-publish","hentry"],"yoast_head":"<!-- This site is optimized with the Yoast SEO plugin v27.5 - https:\/\/yoast.com\/product\/yoast-seo-wordpress\/ -->\n<title>Mon histoire - Dimitar Grozev<\/title>\n<meta name=\"robots\" content=\"index, follow, max-snippet:-1, max-image-preview:large, max-video-preview:-1\" \/>\n<link rel=\"canonical\" href=\"https:\/\/dimitar-grozev.fr\/index.php\/mon-histoire\/\" \/>\n<meta property=\"og:locale\" content=\"fr_FR\" \/>\n<meta property=\"og:type\" content=\"article\" \/>\n<meta property=\"og:title\" content=\"Mon histoire - Dimitar Grozev\" \/>\n<meta property=\"og:description\" content=\"Ce qui me guide Souplesse Simplicit\u00e9 Transparence Ouverture d&rsquo;esprit Gr\u00e2ce \u00e0 mon histoire qui est au croisement des cultures, je suis attach\u00e9 \u00e0 ces valeurs qui me guident tout au long de ma vie personnelle et professionnelle. Arriv\u00e9e en France Arriv\u00e9e en France, premi\u00e8re exploration du monde en dehors de mon pays d&rsquo;origine. De nouveaux [&hellip;]\" \/>\n<meta property=\"og:url\" content=\"https:\/\/dimitar-grozev.fr\/index.php\/mon-histoire\/\" \/>\n<meta property=\"og:site_name\" content=\"Dimitar Grozev\" \/>\n<meta property=\"article:modified_time\" content=\"2025-08-03T10:35:51+00:00\" \/>\n<meta property=\"og:image\" content=\"https:\/\/dimitar-grozev.fr\/wp-content\/uploads\/2024\/02\/Fichier-4@4x.png\" \/>\n\t<meta property=\"og:image:width\" content=\"2323\" \/>\n\t<meta property=\"og:image:height\" content=\"2742\" \/>\n\t<meta property=\"og:image:type\" content=\"image\/png\" \/>\n<meta name=\"twitter:card\" content=\"summary_large_image\" \/>\n<meta name=\"twitter:label1\" content=\"Dur\u00e9e de lecture estim\u00e9e\" \/>\n\t<meta name=\"twitter:data1\" content=\"2 minutes\" \/>\n<script type=\"application\/ld+json\" class=\"yoast-schema-graph\">{\"@context\":\"https:\\\/\\\/schema.org\",\"@graph\":[{\"@type\":\"WebPage\",\"@id\":\"https:\\\/\\\/dimitar-grozev.fr\\\/index.php\\\/mon-histoire\\\/\",\"url\":\"https:\\\/\\\/dimitar-grozev.fr\\\/index.php\\\/mon-histoire\\\/\",\"name\":\"Mon histoire - Dimitar Grozev\",\"isPartOf\":{\"@id\":\"https:\\\/\\\/dimitar-grozev.fr\\\/#website\"},\"primaryImageOfPage\":{\"@id\":\"https:\\\/\\\/dimitar-grozev.fr\\\/index.php\\\/mon-histoire\\\/#primaryimage\"},\"image\":{\"@id\":\"https:\\\/\\\/dimitar-grozev.fr\\\/index.php\\\/mon-histoire\\\/#primaryimage\"},\"thumbnailUrl\":\"https:\\\/\\\/dimitar-grozev.fr\\\/wp-content\\\/uploads\\\/2024\\\/02\\\/Fichier-4@4x-868x1024.png\",\"datePublished\":\"2023-10-20T16:14:39+00:00\",\"dateModified\":\"2025-08-03T10:35:51+00:00\",\"breadcrumb\":{\"@id\":\"https:\\\/\\\/dimitar-grozev.fr\\\/index.php\\\/mon-histoire\\\/#breadcrumb\"},\"inLanguage\":\"fr-FR\",\"potentialAction\":[{\"@type\":\"ReadAction\",\"target\":[\"https:\\\/\\\/dimitar-grozev.fr\\\/index.php\\\/mon-histoire\\\/\"]}]},{\"@type\":\"ImageObject\",\"inLanguage\":\"fr-FR\",\"@id\":\"https:\\\/\\\/dimitar-grozev.fr\\\/index.php\\\/mon-histoire\\\/#primaryimage\",\"url\":\"https:\\\/\\\/dimitar-grozev.fr\\\/wp-content\\\/uploads\\\/2024\\\/02\\\/Fichier-4@4x.png\",\"contentUrl\":\"https:\\\/\\\/dimitar-grozev.fr\\\/wp-content\\\/uploads\\\/2024\\\/02\\\/Fichier-4@4x.png\",\"width\":2323,\"height\":2742},{\"@type\":\"BreadcrumbList\",\"@id\":\"https:\\\/\\\/dimitar-grozev.fr\\\/index.php\\\/mon-histoire\\\/#breadcrumb\",\"itemListElement\":[{\"@type\":\"ListItem\",\"position\":1,\"name\":\"Accueil\",\"item\":\"https:\\\/\\\/dimitar-grozev.fr\\\/index.php\\\/en\\\/dimitar-designer-ui-ux\\\/\"},{\"@type\":\"ListItem\",\"position\":2,\"name\":\"Mon histoire\"}]},{\"@type\":\"WebSite\",\"@id\":\"https:\\\/\\\/dimitar-grozev.fr\\\/#website\",\"url\":\"https:\\\/\\\/dimitar-grozev.fr\\\/\",\"name\":\"Dimitar Grozev UI-UX Designer\",\"description\":\"UI-UX designer\",\"publisher\":{\"@id\":\"https:\\\/\\\/dimitar-grozev.fr\\\/#\\\/schema\\\/person\\\/29373b7850bcb241b28e2403eea7bf59\"},\"potentialAction\":[{\"@type\":\"SearchAction\",\"target\":{\"@type\":\"EntryPoint\",\"urlTemplate\":\"https:\\\/\\\/dimitar-grozev.fr\\\/?s={search_term_string}\"},\"query-input\":{\"@type\":\"PropertyValueSpecification\",\"valueRequired\":true,\"valueName\":\"search_term_string\"}}],\"inLanguage\":\"fr-FR\"},{\"@type\":[\"Person\",\"Organization\"],\"@id\":\"https:\\\/\\\/dimitar-grozev.fr\\\/#\\\/schema\\\/person\\\/29373b7850bcb241b28e2403eea7bf59\",\"name\":\"dim.grozev\",\"image\":{\"@type\":\"ImageObject\",\"inLanguage\":\"fr-FR\",\"@id\":\"https:\\\/\\\/dimitar-grozev.fr\\\/wp-content\\\/uploads\\\/2023\\\/10\\\/Plan-de-travail-2-copie-5VERSION0101-e1704102893221.png\",\"url\":\"https:\\\/\\\/dimitar-grozev.fr\\\/wp-content\\\/uploads\\\/2023\\\/10\\\/Plan-de-travail-2-copie-5VERSION0101-e1704102893221.png\",\"contentUrl\":\"https:\\\/\\\/dimitar-grozev.fr\\\/wp-content\\\/uploads\\\/2023\\\/10\\\/Plan-de-travail-2-copie-5VERSION0101-e1704102893221.png\",\"width\":310,\"height\":309,\"caption\":\"dim.grozev\"},\"logo\":{\"@id\":\"https:\\\/\\\/dimitar-grozev.fr\\\/wp-content\\\/uploads\\\/2023\\\/10\\\/Plan-de-travail-2-copie-5VERSION0101-e1704102893221.png\"},\"sameAs\":[\"https:\\\/\\\/dimitar-grozev.fr\"]}]}<\/script>\n<!-- \/ Yoast SEO plugin. -->","yoast_head_json":{"title":"Mon histoire - Dimitar Grozev","robots":{"index":"index","follow":"follow","max-snippet":"max-snippet:-1","max-image-preview":"max-image-preview:large","max-video-preview":"max-video-preview:-1"},"canonical":"https:\/\/dimitar-grozev.fr\/index.php\/mon-histoire\/","og_locale":"fr_FR","og_type":"article","og_title":"Mon histoire - Dimitar Grozev","og_description":"Ce qui me guide Souplesse Simplicit\u00e9 Transparence Ouverture d&rsquo;esprit Gr\u00e2ce \u00e0 mon histoire qui est au croisement des cultures, je suis attach\u00e9 \u00e0 ces valeurs qui me guident tout au long de ma vie personnelle et professionnelle. Arriv\u00e9e en France Arriv\u00e9e en France, premi\u00e8re exploration du monde en dehors de mon pays d&rsquo;origine. De nouveaux [&hellip;]","og_url":"https:\/\/dimitar-grozev.fr\/index.php\/mon-histoire\/","og_site_name":"Dimitar Grozev","article_modified_time":"2025-08-03T10:35:51+00:00","og_image":[{"width":2323,"height":2742,"url":"https:\/\/dimitar-grozev.fr\/wp-content\/uploads\/2024\/02\/Fichier-4@4x.png","type":"image\/png"}],"twitter_card":"summary_large_image","twitter_misc":{"Dur\u00e9e de lecture estim\u00e9e":"2 minutes"},"schema":{"@context":"https:\/\/schema.org","@graph":[{"@type":"WebPage","@id":"https:\/\/dimitar-grozev.fr\/index.php\/mon-histoire\/","url":"https:\/\/dimitar-grozev.fr\/index.php\/mon-histoire\/","name":"Mon histoire - Dimitar Grozev","isPartOf":{"@id":"https:\/\/dimitar-grozev.fr\/#website"},"primaryImageOfPage":{"@id":"https:\/\/dimitar-grozev.fr\/index.php\/mon-histoire\/#primaryimage"},"image":{"@id":"https:\/\/dimitar-grozev.fr\/index.php\/mon-histoire\/#primaryimage"},"thumbnailUrl":"https:\/\/dimitar-grozev.fr\/wp-content\/uploads\/2024\/02\/Fichier-4@4x-868x1024.png","datePublished":"2023-10-20T16:14:39+00:00","dateModified":"2025-08-03T10:35:51+00:00","breadcrumb":{"@id":"https:\/\/dimitar-grozev.fr\/index.php\/mon-histoire\/#breadcrumb"},"inLanguage":"fr-FR","potentialAction":[{"@type":"ReadAction","target":["https:\/\/dimitar-grozev.fr\/index.php\/mon-histoire\/"]}]},{"@type":"ImageObject","inLanguage":"fr-FR","@id":"https:\/\/dimitar-grozev.fr\/index.php\/mon-histoire\/#primaryimage","url":"https:\/\/dimitar-grozev.fr\/wp-content\/uploads\/2024\/02\/Fichier-4@4x.png","contentUrl":"https:\/\/dimitar-grozev.fr\/wp-content\/uploads\/2024\/02\/Fichier-4@4x.png","width":2323,"height":2742},{"@type":"BreadcrumbList","@id":"https:\/\/dimitar-grozev.fr\/index.php\/mon-histoire\/#breadcrumb","itemListElement":[{"@type":"ListItem","position":1,"name":"Accueil","item":"https:\/\/dimitar-grozev.fr\/index.php\/en\/dimitar-designer-ui-ux\/"},{"@type":"ListItem","position":2,"name":"Mon histoire"}]},{"@type":"WebSite","@id":"https:\/\/dimitar-grozev.fr\/#website","url":"https:\/\/dimitar-grozev.fr\/","name":"Dimitar Grozev UI-UX Designer","description":"UI-UX designer","publisher":{"@id":"https:\/\/dimitar-grozev.fr\/#\/schema\/person\/29373b7850bcb241b28e2403eea7bf59"},"potentialAction":[{"@type":"SearchAction","target":{"@type":"EntryPoint","urlTemplate":"https:\/\/dimitar-grozev.fr\/?s={search_term_string}"},"query-input":{"@type":"PropertyValueSpecification","valueRequired":true,"valueName":"search_term_string"}}],"inLanguage":"fr-FR"},{"@type":["Person","Organization"],"@id":"https:\/\/dimitar-grozev.fr\/#\/schema\/person\/29373b7850bcb241b28e2403eea7bf59","name":"dim.grozev","image":{"@type":"ImageObject","inLanguage":"fr-FR","@id":"https:\/\/dimitar-grozev.fr\/wp-content\/uploads\/2023\/10\/Plan-de-travail-2-copie-5VERSION0101-e1704102893221.png","url":"https:\/\/dimitar-grozev.fr\/wp-content\/uploads\/2023\/10\/Plan-de-travail-2-copie-5VERSION0101-e1704102893221.png","contentUrl":"https:\/\/dimitar-grozev.fr\/wp-content\/uploads\/2023\/10\/Plan-de-travail-2-copie-5VERSION0101-e1704102893221.png","width":310,"height":309,"caption":"dim.grozev"},"logo":{"@id":"https:\/\/dimitar-grozev.fr\/wp-content\/uploads\/2023\/10\/Plan-de-travail-2-copie-5VERSION0101-e1704102893221.png"},"sameAs":["https:\/\/dimitar-grozev.fr"]}]}},"rttpg_featured_image_url":null,"rttpg_author":{"display_name":"dim.grozev","author_link":"https:\/\/dimitar-grozev.fr\/index.php\/author\/dim-grozev\/"},"rttpg_comment":0,"rttpg_category":" <a href=\"https:\/\/dimitar-grozev.fr\/\" rel=\"tag\">Fran\u00e7ais<\/a>","rttpg_excerpt":"Ce qui me guide Souplesse Simplicit\u00e9 Transparence Ouverture d&rsquo;esprit Gr\u00e2ce \u00e0 mon histoire qui est au croisement des cultures, je suis attach\u00e9 \u00e0 ces valeurs qui me guident tout au long de ma vie personnelle et professionnelle. Arriv\u00e9e en France Arriv\u00e9e en France, premi\u00e8re exploration du monde en dehors de mon pays d&rsquo;origine. De nouveaux\u2026","_links":{"self":[{"href":"https:\/\/dimitar-grozev.fr\/index.php\/wp-json\/wp\/v2\/pages\/15","targetHints":{"allow":["GET"]}}],"collection":[{"href":"https:\/\/dimitar-grozev.fr\/index.php\/wp-json\/wp\/v2\/pages"}],"about":[{"href":"https:\/\/dimitar-grozev.fr\/index.php\/wp-json\/wp\/v2\/types\/page"}],"author":[{"embeddable":true,"href":"https:\/\/dimitar-grozev.fr\/index.php\/wp-json\/wp\/v2\/users\/1"}],"replies":[{"embeddable":true,"href":"https:\/\/dimitar-grozev.fr\/index.php\/wp-json\/wp\/v2\/comments?post=15"}],"version-history":[{"count":166,"href":"https:\/\/dimitar-grozev.fr\/index.php\/wp-json\/wp\/v2\/pages\/15\/revisions"}],"predecessor-version":[{"id":9531,"href":"https:\/\/dimitar-grozev.fr\/index.php\/wp-json\/wp\/v2\/pages\/15\/revisions\/9531"}],"wp:attachment":[{"href":"https:\/\/dimitar-grozev.fr\/index.php\/wp-json\/wp\/v2\/media?parent=15"}],"curies":[{"name":"wp","href":"https:\/\/api.w.org\/{rel}","templated":true}]}}